{"id":2077,"date":"2024-10-24T09:32:07","date_gmt":"2024-10-24T09:32:07","guid":{"rendered":"https:\/\/www.carmencalvo.co.uk\/visados-espanoles-no-lucrativos\/"},"modified":"2024-11-22T14:51:35","modified_gmt":"2024-11-22T14:51:35","slug":"visados-espanoles-no-lucrativos","status":"publish","type":"page","link":"https:\/\/www.carmencalvo.co.uk\/es\/visados-espanoles-no-lucrativos\/","title":{"rendered":"Visados espa\u00f1oles no lucrativos"},"content":{"rendered":"<p>[et_pb_section fb_built=\u00bb1&#8243; custom_padding_last_edited=\u00bboff|desktop\u00bb admin_label=\u00bbHeader\u00bb _builder_version=\u00bb4.14.6&#8243; background_enable_color=\u00bboff\u00bb background_color_gradient_direction=\u00bb251deg\u00bb background_image=\u00bbhttps:\/\/www.carmencalvo.co.uk\/wp-content\/uploads\/2022\/01\/worthingPier.png\u00bb parallax=\u00bbon\u00bb custom_padding=\u00bb10px||60px||false|false\u00bb custom_padding_tablet=\u00bb||||false|false\u00bb custom_padding_phone=\u00bb||||false|false\u00bb global_colors_info=\u00bb{}\u00bb background__hover_enabled=\u00bbon|desktop\u00bb][et_pb_row _builder_version=\u00bb4.14.6&#8243; custom_margin=\u00bb||||false|false\u00bb custom_padding=\u00bb||||false|false\u00bb border_color_all=\u00bbRGBA(0,0,0,0)\u00bb border_color_top=\u00bbRGBA(0,0,0,0)\u00bb border_width_bottom=\u00bb8px\u00bb border_width_left=\u00bb8px\u00bb global_colors_info=\u00bb{}\u00bb][et_pb_column type=\u00bb4_4&#8243; _builder_version=\u00bb4.4.7&#8243; custom_padding_tablet=\u00bb|||30px|false|false\u00bb custom_padding_last_edited=\u00bboff|desktop\u00bb global_colors_info=\u00bb{}\u00bb][et_pb_text _builder_version=\u00bb4.14.8&#8243; _module_preset=\u00bbdefault\u00bb header_font=\u00bbNanum Gothic|700|||||||\u00bb header_text_color=\u00bb#bfa97f\u00bb header_font_size=\u00bb50px\u00bb global_colors_info=\u00bb{}\u00bb]<\/p>\n<h1>Visados espa\u00f1oles no lucrativos<\/h1>\n<p>[\/et_pb_text][\/et_pb_column][\/et_pb_row][\/et_pb_section][et_pb_section fb_built=\u00bb1&#8243; admin_label=\u00bbServices\u00bb _builder_version=\u00bb4.12.1&#8243; background_color=\u00bbrgba(0,0,0,0)\u00bb z_index=\u00bb10&#8243; custom_padding=\u00bb0px||||false|false\u00bb global_colors_info=\u00bb{}\u00bb][et_pb_row column_structure=\u00bb2_3,1_3&#8243; use_custom_gutter=\u00bbon\u00bb gutter_width=\u00bb4&#8243; custom_padding_last_edited=\u00bbon|phone\u00bb _builder_version=\u00bb4.14.6&#8243; background_color=\u00bb#dddddd\u00bb max_width=\u00bb1200px\u00bb custom_margin=\u00bb-4vw||||false|false\u00bb custom_padding=\u00bb40px|40px|40px|40px|true|true\u00bb custom_padding_tablet=\u00bb50px|30px|50px|30px|true|true\u00bb custom_padding_phone=\u00bb40px||40px||true|true\u00bb box_shadow_style=\u00bbpreset1&#8243; box_shadow_color=\u00bbrgba(0,0,0,0.62)\u00bb locked=\u00bboff\u00bb global_colors_info=\u00bb{}\u00bb][et_pb_column type=\u00bb2_3&#8243; _builder_version=\u00bb4.14.6&#8243; background_color=\u00bbRGBA(255,255,255,0)\u00bb global_colors_info=\u00bb{}\u00bb][et_pb_text _builder_version=\u00bb4.14.8&#8243; _module_preset=\u00bbdefault\u00bb text_text_color=\u00bb#06192e\u00bb text_font_size=\u00bb18px\u00bb header_2_font=\u00bb|600|||||||\u00bb header_2_font_size=\u00bb30px\u00bb global_colors_info=\u00bb{}\u00bb]<\/p>\n<p><strong>\u00bfQuieres obtener la residencia en Espa\u00f1a? Obtener un visado espa\u00f1ol no lucrativo<\/strong><\/p>\n<p>Con el Brexit poniendo fin a la libertad de circulaci\u00f3n autom\u00e1tica, la obtenci\u00f3n de un visado espa\u00f1ol no lucrativo se ha convertido en una soluci\u00f3n ideal para los ciudadanos brit\u00e1nicos jubilados y econ\u00f3micamente autosuficientes que desean disfrutar del estilo de vida espa\u00f1ol.<\/p>\n<p>Entendemos que navegar por el proceso de residencia espa\u00f1ola puede ser complejo, pero estamos aqu\u00ed para apoyarte en cada paso del camino.<\/p>\n<p>Para iniciar tu viaje hacia la residencia espa\u00f1ola, te ofrecemos una Consulta sobre Visados No Lucrativos con una tarifa fija.<\/p>\n<p>Durante esta consulta, hablaremos del proceso de residencia y de la documentaci\u00f3n necesaria, asegur\u00e1ndonos de que est\u00e1s bien preparado para una solicitud sin problemas.<\/p>\n<p>Si est\u00e1s pensando en obtener un visado espa\u00f1ol no lucrativo, reserva una consulta.<\/p>\n<p class=\"p1\"><strong>Consulta de visado no lucrativa con tarifa fija S\u00f3lo 250 \u00a3 + VAT gastos<\/strong><\/p>\n<p>[\/et_pb_text][et_pb_button button_url=\u00bbhttps:\/\/www.carmencalvo.co.uk\/es\/ponerse-en-contacto\/\u00bb button_text=\u00bbReserva una consulta\u00bb button_alignment=\u00bbleft\u00bb _builder_version=\u00bb4.14.8&#8243; _module_preset=\u00bbdefault\u00bb global_colors_info=\u00bb{}\u00bb][\/et_pb_button][\/et_pb_column][et_pb_column type=\u00bb1_3&#8243; _builder_version=\u00bb4.4.6&#8243; global_colors_info=\u00bb{}\u00bb][et_pb_image src=\u00bbhttps:\/\/www.carmencalvo.co.uk\/wp-content\/uploads\/2022\/01\/carmencalvo.png\u00bb alt=\u00bbCarmen Calvo abogada espa\u00f1ola\u00bb _builder_version=\u00bb4.14.6&#8243; _module_preset=\u00bbdefault\u00bb global_colors_info=\u00bb{}\u00bb][\/et_pb_image][\/et_pb_column][\/et_pb_row][\/et_pb_section][et_pb_section fb_built=\u00bb1&#8243; admin_label=\u00bbServices\u00bb _builder_version=\u00bb4.14.6&#8243; background_color=\u00bb#06192e\u00bb z_index=\u00bb0&#8243; custom_margin=\u00bb-100px||0px||false|false\u00bb custom_padding=\u00bb0px||0px||false|false\u00bb global_colors_info=\u00bb{}\u00bb][et_pb_row _builder_version=\u00bb4.14.6&#8243; _module_preset=\u00bbdefault\u00bb global_colors_info=\u00bb{}\u00bb][et_pb_column type=\u00bb4_4&#8243; _builder_version=\u00bb4.14.6&#8243; _module_preset=\u00bbdefault\u00bb global_colors_info=\u00bb{}\u00bb][et_pb_text _builder_version=\u00bb4.14.6&#8243; _module_preset=\u00bbdefault\u00bb text_text_color=\u00bb#bfa97f\u00bb custom_padding=\u00bb80px||20px||false|false\u00bb global_colors_info=\u00bb{}\u00bb][\/et_pb_text][\/et_pb_column][\/et_pb_row][\/et_pb_section][et_pb_section fb_built=\u00bb1&#8243; admin_label=\u00bbServices\u00bb _builder_version=\u00bb4.12.1&#8243; background_color=\u00bb#06192e\u00bb z_index=\u00bb0&#8243; custom_margin=\u00bb||||false|false\u00bb custom_padding=\u00bb60px||30px||false|false\u00bb global_colors_info=\u00bb{}\u00bb][et_pb_row use_custom_gutter=\u00bbon\u00bb gutter_width=\u00bb2&#8243; custom_padding_last_edited=\u00bbon|phone\u00bb _builder_version=\u00bb4.14.8&#8243; background_enable_color=\u00bboff\u00bb max_width=\u00bb1200px\u00bb custom_margin=\u00bb||0px||false|false\u00bb custom_padding=\u00bb0px||0px||true|true\u00bb custom_padding_tablet=\u00bb50px|30px|50px|30px|true|true\u00bb custom_padding_phone=\u00bb40px|0px|40px|0px|true|true\u00bb locked=\u00bboff\u00bb global_colors_info=\u00bb{}\u00bb][et_pb_column type=\u00bb4_4&#8243; _builder_version=\u00bb4.4.6&#8243; global_colors_info=\u00bb{}\u00bb][et_pb_text _builder_version=\u00bb4.14.6&#8243; _module_preset=\u00bbdefault\u00bb text_text_color=\u00bb#bfa97f\u00bb global_colors_info=\u00bb{}\u00bb]<span class=\"sectionheadingslight\">Cuando est\u00e9 listo, me encantar\u00eda saber c\u00f3mo puedo ayudarle.[\/et_pb_text][\/et_pb_column][\/et_pb_row][et_pb_row column_structure=\u00bb1_3,2_3&#8243; use_custom_gutter=\u00bbon\u00bb gutter_width=\u00bb2&#8243; custom_padding_last_edited=\u00bbon|phone\u00bb _builder_version=\u00bb4.14.8&#8243; background_enable_color=\u00bboff\u00bb max_width=\u00bb1200px\u00bb custom_margin=\u00bb||0px||false|false\u00bb custom_margin_tablet=\u00bb||0px||false|false\u00bb custom_margin_phone=\u00bb||0px||false|false\u00bb custom_margin_last_edited=\u00bbon|phone\u00bb custom_padding=\u00bb0px||0px||true|true\u00bb custom_padding_tablet=\u00bb50px|30px|50px|30px|true|true\u00bb custom_padding_phone=\u00bb40px|0px|40px|0px|true|true\u00bb locked=\u00bboff\u00bb global_colors_info=\u00bb{}\u00bb][et_pb_column type=\u00bb1_3&#8243; _builder_version=\u00bb4.4.6&#8243; global_colors_info=\u00bb{}\u00bb][et_pb_text _builder_version=\u00bb4.14.6&#8243; _module_preset=\u00bbdefault\u00bb text_text_color=\u00bb#bfa97f\u00bb custom_margin=\u00bb20px||||false|false\u00bb global_colors_info=\u00bb{}\u00bb]<\/p>\n<p>Para iniciar esa conversaci\u00f3n, reserva tu consulta s (online, por tel\u00e9fono, o en un lugar conveniente).<\/p>\n<p>[\/et_pb_text][\/et_pb_column][et_pb_column type=\u00bb2_3&#8243; _builder_version=\u00bb4.4.6&#8243; global_colors_info=\u00bb{}\u00bb][et_pb_contact_form email=\u00bblegal@carmencalvo.co.uk\u00bb success_message=\u00bbGracias por su consulta, Carmen se pondr\u00e1 en contacto con usted.\u00bb _builder_version=\u00bb4.14.6&#8243; _module_preset=\u00bbdefault\u00bb _unique_id=\u00bbed430d66-1296-46b1-9302-1f4d3855d2b6&#8243; custom_margin=\u00bb20px||||false|false\u00bb global_colors_info=\u00bb{}\u00bb][et_pb_contact_field field_id=\u00bbName\u00bb field_title=\u00bbNombre\u00bb _builder_version=\u00bb3.16&#8243; global_colors_info=\u00bb{}\u00bb button_text_size__hover_enabled=\u00bboff\u00bb button_one_text_size__hover_enabled=\u00bboff\u00bb button_two_text_size__hover_enabled=\u00bboff\u00bb button_text_color__hover_enabled=\u00bboff\u00bb button_one_text_color__hover_enabled=\u00bboff\u00bb button_two_text_color__hover_enabled=\u00bboff\u00bb button_border_width__hover_enabled=\u00bboff\u00bb button_one_border_width__hover_enabled=\u00bboff\u00bb button_two_border_width__hover_enabled=\u00bboff\u00bb button_border_color__hover_enabled=\u00bboff\u00bb button_one_border_color__hover_enabled=\u00bboff\u00bb button_two_border_color__hover_enabled=\u00bboff\u00bb button_border_radius__hover_enabled=\u00bboff\u00bb button_one_border_radius__hover_enabled=\u00bboff\u00bb button_two_border_radius__hover_enabled=\u00bboff\u00bb button_letter_spacing__hover_enabled=\u00bboff\u00bb button_one_letter_spacing__hover_enabled=\u00bboff\u00bb button_two_letter_spacing__hover_enabled=\u00bboff\u00bb button_bg_color__hover_enabled=\u00bboff\u00bb button_one_bg_color__hover_enabled=\u00bboff\u00bb button_two_bg_color__hover_enabled=\u00bboff\u00bb][\/et_pb_contact_field][et_pb_contact_field field_id=\u00bbPhone_number\u00bb field_title=\u00bbN\u00famero de tel\u00e9fono\u00bb _builder_version=\u00bb4.14.6&#8243; _module_preset=\u00bbdefault\u00bb global_colors_info=\u00bb{}\u00bb][\/et_pb_contact_field][et_pb_contact_field field_id=\u00bbEmail\u00bb field_title=\u00bbDirecci\u00f3n de correo electr\u00f3nico\u00bb field_type=\u00bbemail\u00bb _builder_version=\u00bb3.16&#8243; global_colors_info=\u00bb{}\u00bb button_text_size__hover_enabled=\u00bboff\u00bb button_one_text_size__hover_enabled=\u00bboff\u00bb button_two_text_size__hover_enabled=\u00bboff\u00bb button_text_color__hover_enabled=\u00bboff\u00bb button_one_text_color__hover_enabled=\u00bboff\u00bb button_two_text_color__hover_enabled=\u00bboff\u00bb button_border_width__hover_enabled=\u00bboff\u00bb button_one_border_width__hover_enabled=\u00bboff\u00bb button_two_border_width__hover_enabled=\u00bboff\u00bb button_border_color__hover_enabled=\u00bboff\u00bb button_one_border_color__hover_enabled=\u00bboff\u00bb button_two_border_color__hover_enabled=\u00bboff\u00bb button_border_radius__hover_enabled=\u00bboff\u00bb button_one_border_radius__hover_enabled=\u00bboff\u00bb button_two_border_radius__hover_enabled=\u00bboff\u00bb button_letter_spacing__hover_enabled=\u00bboff\u00bb button_one_letter_spacing__hover_enabled=\u00bboff\u00bb button_two_letter_spacing__hover_enabled=\u00bboff\u00bb button_bg_color__hover_enabled=\u00bboff\u00bb button_one_bg_color__hover_enabled=\u00bboff\u00bb button_two_bg_color__hover_enabled=\u00bboff\u00bb][\/et_pb_contact_field][\/et_pb_contact_form][\/et_pb_column][\/et_pb_row][\/et_pb_section]<\/p>\n","protected":false},"excerpt":{"rendered":"<p>Visados espa\u00f1oles no lucrativos\u00bfQuieres obtener la residencia en Espa\u00f1a? Obtener un visado espa\u00f1ol no lucrativo Con el Brexit poniendo fin a la libertad de circulaci\u00f3n autom\u00e1tica, la obtenci\u00f3n de un visado espa\u00f1ol no lucrativo se ha convertido en una soluci\u00f3n ideal para los ciudadanos brit\u00e1nicos jubilados y econ\u00f3micamente autosuficientes que desean disfrutar del estilo de [&hellip;]<\/p>\n","protected":false},"author":2,"featured_media":0,"parent":0,"menu_order":0,"comment_status":"closed","ping_status":"closed","template":"","meta":{"_et_pb_use_builder":"on","_et_pb_old_content":"","_et_gb_content_width":"","_themeisle_gutenberg_block_has_review":false,"footnotes":""},"class_list":["post-2077","page","type-page","status-publish","hentry"],"yoast_head":"<!-- This site is optimized with the Yoast SEO plugin v19.11 - https:\/\/yoast.com\/wordpress\/plugins\/seo\/ -->\n<title>Obtenci\u00f3n de un visado espa\u00f1ol no lucrativo - Carmen Calvo<\/title>\n<meta name=\"description\" content=\"Obtener un visado espa\u00f1ol no lucrativo puede ser complejo. Soy abogada brit\u00e1nica y espa\u00f1ola y puedo ayudarte con el papeleo.\" \/>\n<meta name=\"robots\" content=\"index, follow, max-snippet:-1, max-image-preview:large, max-video-preview:-1\" \/>\n<link rel=\"canonical\" href=\"https:\/\/www.carmencalvo.co.uk\/es\/visados-espanoles-no-lucrativos\/\" \/>\n<meta property=\"og:locale\" content=\"es_ES\" \/>\n<meta property=\"og:type\" content=\"article\" \/>\n<meta property=\"og:title\" content=\"Obtenci\u00f3n de un visado espa\u00f1ol no lucrativo - Carmen Calvo\" \/>\n<meta property=\"og:description\" content=\"Obtener un visado espa\u00f1ol no lucrativo puede ser complejo. Soy abogada brit\u00e1nica y espa\u00f1ola y puedo ayudarte con el papeleo.\" \/>\n<meta property=\"og:url\" content=\"https:\/\/www.carmencalvo.co.uk\/es\/visados-espanoles-no-lucrativos\/\" \/>\n<meta property=\"og:site_name\" content=\"Carmen Calvo - Legal Consultant\" \/>\n<meta property=\"article:modified_time\" content=\"2024-11-22T14:51:35+00:00\" \/>\n<meta name=\"twitter:card\" content=\"summary_large_image\" \/>\n<meta name=\"twitter:label1\" content=\"Tiempo de lectura\" \/>\n\t<meta name=\"twitter:data1\" content=\"7 minutos\" \/>\n<script type=\"application\/ld+json\" class=\"yoast-schema-graph\">{\"@context\":\"https:\/\/schema.org\",\"@graph\":[{\"@type\":\"WebPage\",\"@id\":\"https:\/\/www.carmencalvo.co.uk\/es\/visados-espanoles-no-lucrativos\/\",\"url\":\"https:\/\/www.carmencalvo.co.uk\/es\/visados-espanoles-no-lucrativos\/\",\"name\":\"Obtenci\u00f3n de un visado espa\u00f1ol no lucrativo - Carmen Calvo\",\"isPartOf\":{\"@id\":\"https:\/\/www.carmencalvo.co.uk\/es\/#website\"},\"datePublished\":\"2024-10-24T09:32:07+00:00\",\"dateModified\":\"2024-11-22T14:51:35+00:00\",\"description\":\"Obtener un visado espa\u00f1ol no lucrativo puede ser complejo. Soy abogada brit\u00e1nica y espa\u00f1ola y puedo ayudarte con el papeleo.\",\"breadcrumb\":{\"@id\":\"https:\/\/www.carmencalvo.co.uk\/es\/visados-espanoles-no-lucrativos\/#breadcrumb\"},\"inLanguage\":\"es\",\"potentialAction\":[{\"@type\":\"ReadAction\",\"target\":[\"https:\/\/www.carmencalvo.co.uk\/es\/visados-espanoles-no-lucrativos\/\"]}]},{\"@type\":\"BreadcrumbList\",\"@id\":\"https:\/\/www.carmencalvo.co.uk\/es\/visados-espanoles-no-lucrativos\/#breadcrumb\",\"itemListElement\":[{\"@type\":\"ListItem\",\"position\":1,\"name\":\"Home\",\"item\":\"https:\/\/www.carmencalvo.co.uk\/es\/hogar\/\"},{\"@type\":\"ListItem\",\"position\":2,\"name\":\"Visados espa\u00f1oles no lucrativos\"}]},{\"@type\":\"WebSite\",\"@id\":\"https:\/\/www.carmencalvo.co.uk\/es\/#website\",\"url\":\"https:\/\/www.carmencalvo.co.uk\/es\/\",\"name\":\"Carmen Calvo - Legal Consultant\",\"description\":\"Solicitor and Spanish Qualified Lawyer\",\"potentialAction\":[{\"@type\":\"SearchAction\",\"target\":{\"@type\":\"EntryPoint\",\"urlTemplate\":\"https:\/\/www.carmencalvo.co.uk\/es\/?s={search_term_string}\"},\"query-input\":\"required name=search_term_string\"}],\"inLanguage\":\"es\"}]}<\/script>\n<!-- \/ Yoast SEO plugin. -->","yoast_head_json":{"title":"Obtenci\u00f3n de un visado espa\u00f1ol no lucrativo - Carmen Calvo","description":"Obtener un visado espa\u00f1ol no lucrativo puede ser complejo. Soy abogada brit\u00e1nica y espa\u00f1ola y puedo ayudarte con el papeleo.","robots":{"index":"index","follow":"follow","max-snippet":"max-snippet:-1","max-image-preview":"max-image-preview:large","max-video-preview":"max-video-preview:-1"},"canonical":"https:\/\/www.carmencalvo.co.uk\/es\/visados-espanoles-no-lucrativos\/","og_locale":"es_ES","og_type":"article","og_title":"Obtenci\u00f3n de un visado espa\u00f1ol no lucrativo - Carmen Calvo","og_description":"Obtener un visado espa\u00f1ol no lucrativo puede ser complejo. Soy abogada brit\u00e1nica y espa\u00f1ola y puedo ayudarte con el papeleo.","og_url":"https:\/\/www.carmencalvo.co.uk\/es\/visados-espanoles-no-lucrativos\/","og_site_name":"Carmen Calvo - Legal Consultant","article_modified_time":"2024-11-22T14:51:35+00:00","twitter_card":"summary_large_image","twitter_misc":{"Tiempo de lectura":"7 minutos"},"schema":{"@context":"https:\/\/schema.org","@graph":[{"@type":"WebPage","@id":"https:\/\/www.carmencalvo.co.uk\/es\/visados-espanoles-no-lucrativos\/","url":"https:\/\/www.carmencalvo.co.uk\/es\/visados-espanoles-no-lucrativos\/","name":"Obtenci\u00f3n de un visado espa\u00f1ol no lucrativo - Carmen Calvo","isPartOf":{"@id":"https:\/\/www.carmencalvo.co.uk\/es\/#website"},"datePublished":"2024-10-24T09:32:07+00:00","dateModified":"2024-11-22T14:51:35+00:00","description":"Obtener un visado espa\u00f1ol no lucrativo puede ser complejo. Soy abogada brit\u00e1nica y espa\u00f1ola y puedo ayudarte con el papeleo.","breadcrumb":{"@id":"https:\/\/www.carmencalvo.co.uk\/es\/visados-espanoles-no-lucrativos\/#breadcrumb"},"inLanguage":"es","potentialAction":[{"@type":"ReadAction","target":["https:\/\/www.carmencalvo.co.uk\/es\/visados-espanoles-no-lucrativos\/"]}]},{"@type":"BreadcrumbList","@id":"https:\/\/www.carmencalvo.co.uk\/es\/visados-espanoles-no-lucrativos\/#breadcrumb","itemListElement":[{"@type":"ListItem","position":1,"name":"Home","item":"https:\/\/www.carmencalvo.co.uk\/es\/hogar\/"},{"@type":"ListItem","position":2,"name":"Visados espa\u00f1oles no lucrativos"}]},{"@type":"WebSite","@id":"https:\/\/www.carmencalvo.co.uk\/es\/#website","url":"https:\/\/www.carmencalvo.co.uk\/es\/","name":"Carmen Calvo - Legal Consultant","description":"Solicitor and Spanish Qualified Lawyer","potentialAction":[{"@type":"SearchAction","target":{"@type":"EntryPoint","urlTemplate":"https:\/\/www.carmencalvo.co.uk\/es\/?s={search_term_string}"},"query-input":"required name=search_term_string"}],"inLanguage":"es"}]}},"_links":{"self":[{"href":"https:\/\/www.carmencalvo.co.uk\/es\/wp-json\/wp\/v2\/pages\/2077","targetHints":{"allow":["GET"]}}],"collection":[{"href":"https:\/\/www.carmencalvo.co.uk\/es\/wp-json\/wp\/v2\/pages"}],"about":[{"href":"https:\/\/www.carmencalvo.co.uk\/es\/wp-json\/wp\/v2\/types\/page"}],"author":[{"embeddable":true,"href":"https:\/\/www.carmencalvo.co.uk\/es\/wp-json\/wp\/v2\/users\/2"}],"replies":[{"embeddable":true,"href":"https:\/\/www.carmencalvo.co.uk\/es\/wp-json\/wp\/v2\/comments?post=2077"}],"version-history":[{"count":9,"href":"https:\/\/www.carmencalvo.co.uk\/es\/wp-json\/wp\/v2\/pages\/2077\/revisions"}],"predecessor-version":[{"id":2323,"href":"https:\/\/www.carmencalvo.co.uk\/es\/wp-json\/wp\/v2\/pages\/2077\/revisions\/2323"}],"wp:attachment":[{"href":"https:\/\/www.carmencalvo.co.uk\/es\/wp-json\/wp\/v2\/media?parent=2077"}],"curies":[{"name":"wp","href":"https:\/\/api.w.org\/{rel}","templated":true}]}}