{"id":905,"date":"2022-01-19T07:47:16","date_gmt":"2022-01-19T07:47:16","guid":{"rendered":"https:\/\/www.carmencalvo.co.uk\/asesoria-juridica\/"},"modified":"2024-11-22T14:50:23","modified_gmt":"2024-11-22T14:50:23","slug":"asesoria-juridica","status":"publish","type":"page","link":"https:\/\/www.carmencalvo.co.uk\/es\/asesoria-juridica\/","title":{"rendered":"Asesor\u00eda Jur\u00eddica"},"content":{"rendered":"<p>[et_pb_section fb_built=\u00bb1&#8243; custom_padding_last_edited=\u00bboff|desktop\u00bb admin_label=\u00bbHeader\u00bb _builder_version=\u00bb4.14.6&#8243; background_enable_color=\u00bboff\u00bb use_background_color_gradient=\u00bbon\u00bb background_color_gradient_start=\u00bb#06192e\u00bb background_color_gradient_end=\u00bb#20385e\u00bb background_color_gradient_direction=\u00bb251deg\u00bb background_color_gradient_start_position=\u00bb17%\u00bb background_color_gradient_end_position=\u00bb84%\u00bb background_enable_image=\u00bboff\u00bb parallax=\u00bbon\u00bb custom_padding=\u00bb30px||20px||false|false\u00bb custom_padding_tablet=\u00bb||||false|false\u00bb custom_padding_phone=\u00bb||||false|false\u00bb global_colors_info=\u00bb{}\u00bb background__hover_enabled=\u00bbon|desktop\u00bb][et_pb_row _builder_version=\u00bb4.14.6&#8243; max_width=\u00bb1200px\u00bb custom_margin=\u00bb||||false|false\u00bb custom_padding=\u00bb||||false|false\u00bb border_color_all=\u00bbRGBA(0,0,0,0)\u00bb border_color_top=\u00bbRGBA(0,0,0,0)\u00bb border_width_bottom=\u00bb8px\u00bb border_width_left=\u00bb8px\u00bb global_colors_info=\u00bb{}\u00bb][et_pb_column type=\u00bb4_4&#8243; _builder_version=\u00bb4.4.7&#8243; custom_padding_tablet=\u00bb|||30px|false|false\u00bb custom_padding_last_edited=\u00bboff|desktop\u00bb global_colors_info=\u00bb{}\u00bb][et_pb_text _builder_version=\u00bb4.14.7&#8243; _module_preset=\u00bbdefault\u00bb header_font=\u00bbNanum Gothic|700|||||||\u00bb header_text_color=\u00bb#bfa97f\u00bb header_font_size=\u00bb60px\u00bb header_font_size_tablet=\u00bb60px\u00bb header_font_size_phone=\u00bb50px\u00bb header_font_size_last_edited=\u00bbon|phone\u00bb global_colors_info=\u00bb{}\u00bb]<\/p>\n<h1>Asesor\u00eda Jur\u00eddica<\/h1>\n<p>[\/et_pb_text][\/et_pb_column][\/et_pb_row][\/et_pb_section][et_pb_section fb_built=\u00bb1&#8243; admin_label=\u00bbServices\u00bb _builder_version=\u00bb4.14.6&#8243; background_color=\u00bb#bfa97f\u00bb background_image=\u00bbhttps:\/\/www.carmencalvo.co.uk\/wp-content\/uploads\/2022\/01\/carmencalvo-iconbackground.png\u00bb background_size=\u00bbinitial\u00bb background_position=\u00bbbottom_right\u00bb z_index=\u00bb0&#8243; custom_margin=\u00bb0px||0px||false|false\u00bb custom_padding=\u00bb0px||0px||false|false\u00bb global_colors_info=\u00bb{}\u00bb][et_pb_row column_structure=\u00bb1_2,1_2&#8243; use_custom_gutter=\u00bbon\u00bb gutter_width=\u00bb2&#8243; custom_padding_last_edited=\u00bbon|phone\u00bb _builder_version=\u00bb4.14.8&#8243; background_enable_color=\u00bboff\u00bb max_width=\u00bb1200px\u00bb min_height=\u00bb265px\u00bb custom_margin=\u00bb||||false|false\u00bb custom_padding=\u00bb|0px||0px|true|true\u00bb custom_padding_tablet=\u00bb50px|30px|50px|30px|true|true\u00bb custom_padding_phone=\u00bb20px|0px|20px|0px|true|true\u00bb locked=\u00bboff\u00bb global_colors_info=\u00bb{}\u00bb][et_pb_column type=\u00bb1_2&#8243; _builder_version=\u00bb4.4.6&#8243; global_colors_info=\u00bb{}\u00bb][et_pb_blurb icon_alignment=\u00bbleft\u00bb content_max_width=\u00bb100%\u00bb _builder_version=\u00bb4.14.8&#8243; header_level=\u00bbh3&#8243; header_font=\u00bbHeebo||||||||\u00bb header_text_color=\u00bb#bfa97f\u00bb header_font_size=\u00bb24px\u00bb header_line_height=\u00bb1.3em\u00bb body_text_color=\u00bb#06192e\u00bb body_line_height=\u00bb2em\u00bb background_layout=\u00bbdark\u00bb width=\u00bb100%\u00bb custom_padding=\u00bb40px||6px||false|false\u00bb hover_enabled=\u00bb0&#8243; header_font_size_tablet=\u00bb\u00bb header_font_size_phone=\u00bb20px\u00bb header_font_size_last_edited=\u00bbon|desktop\u00bb body_font_size_tablet=\u00bb14px\u00bb body_font_size_phone=\u00bb\u00bb body_font_size_last_edited=\u00bbon|phone\u00bb global_colors_info=\u00bb{}\u00bb sticky_enabled=\u00bb0&#8243;]<span class=\"sectionheadings\" style=\"color: #06192e;\">Tu socio de confianza para el asesoramiento jur\u00eddico espa\u00f1ol<\/span><\/p>\n<p><span style=\"color: #06192e;\">Cre\u00e9 mi <strong>consultor\u00eda jur\u00eddica espa\u00f1ola<\/strong> para servir de <strong>socio fiable<\/strong> a los bufetes de abogados que buscan orientaci\u00f3n experta en <strong>asuntos de Derecho espa\u00f1ol<\/strong>.<\/span><\/p>\n<h3><strong><span style=\"color: #06192e;\">Servicios que ofrezco:<\/span><\/strong><\/h3>\n<div id=\"bluebullets\">\n<ul>\n<li><span style=\"color: #06192e\">Actuar como <strong>consultor de derecho espa\u00f1ol<\/strong> a trav\u00e9s de tu bufete, aportando conocimientos especializados espec\u00edficos<\/span><\/li>\n<\/ul>\n<ul>\n<li><span style=\"color: #06192e;\">Asistir en <strong>negociaciones biling\u00fces<\/strong> con abogados, clientes o empresas de habla hispana.<\/span><\/li>\n<\/ul>\n<ul>\n<li><span style=\"color: #06192e;\">Realizar <strong>traducciones<\/strong> y <strong>revisiones<\/strong> <strong>exhaustivas<\/strong> <strong>de documentos jur\u00eddicos espa\u00f1oles<\/strong><\/span><\/li>\n<\/ul>\n<ul>\n<li><span style=\"color: #06192e;\">Busca y conecta con otros <strong>proveedores jur\u00eddicos<\/strong> para asuntos transfronterizosr asuntos transfronterizos<\/span><\/li>\n<\/ul>\n<\/div>\n<h3><strong><span style=\"color: #06192e;\">\u00bfPor qu\u00e9 asociarse conmigo?<\/span><\/strong><\/h3>\n<p><span style=\"color: #06192e;\">Gracias a mi amplia experiencia trabajando con bufetes de abogados, ofrezco apoyo personalizado para casos que requieren un <strong>abogado hispanohablante<\/strong> o conocimientos de la <strong>legislaci\u00f3n espa\u00f1ola<\/strong>. Tanto si necesitas una <strong>consulta puntual<\/strong> como asistencia jur\u00eddica continuada, puedo adaptarme al alcance de tus necesidades.<\/span><\/p>\n<h3><strong><span style=\"color: #06192e;\">Trabajemos juntos<\/span><\/strong><\/h3>\n<p><span style=\"color: #06192e;\">Estoy dispuesta a colaborar cuando te venga bien. Ponte en contacto conmigo para programar una consulta por tel\u00e9fono o en persona y hablar de c\u00f3mo puedo apoyar los asuntos jur\u00eddicos espa\u00f1oles de tu empresa.<\/span><\/p>\n<div id=\"bluebullets\">\n<ul><\/ul>\n<\/div>\n<p>[\/et_pb_blurb][\/et_pb_column][et_pb_column type=\u00bb1_2&#8243; _builder_version=\u00bb4.14.8&#8243; _module_preset=\u00bbdefault\u00bb global_colors_info=\u00bb{}\u00bb][et_pb_image src=\u00bbhttps:\/\/www.carmencalvo.co.uk\/wp-content\/uploads\/2021\/11\/carmen_Calvo.jpg\u00bb title_text=\u00bbcarmen_Calvo\u00bb _builder_version=\u00bb4.14.8&#8243; _module_preset=\u00bbdefault\u00bb custom_padding=\u00bb|156px||||\u00bb global_colors_info=\u00bb{}\u00bb][\/et_pb_image][\/et_pb_column][\/et_pb_row][\/et_pb_section][et_pb_section fb_built=\u00bb1&#8243; admin_label=\u00bbServices\u00bb _builder_version=\u00bb4.14.6&#8243; background_color=\u00bb#bfa97f\u00bb background_image=\u00bbhttps:\/\/www.carmencalvo.co.uk\/wp-content\/uploads\/2022\/01\/carmencalvo-iconbackground.png\u00bb background_size=\u00bbinitial\u00bb background_position=\u00bbbottom_right\u00bb z_index=\u00bb0&#8243; custom_margin=\u00bb0px||0px||false|false\u00bb custom_padding=\u00bb0px||0px||false|false\u00bb global_colors_info=\u00bb{}\u00bb][et_pb_row use_custom_gutter=\u00bbon\u00bb gutter_width=\u00bb2&#8243; custom_padding_last_edited=\u00bbon|phone\u00bb _builder_version=\u00bb4.14.8&#8243; background_enable_color=\u00bboff\u00bb max_width=\u00bb1200px\u00bb custom_margin=\u00bb||||false|false\u00bb custom_padding=\u00bb||||true|true\u00bb custom_padding_tablet=\u00bb50px|30px|50px|30px|true|true\u00bb custom_padding_phone=\u00bb20px|0px|20px|0px|true|true\u00bb locked=\u00bboff\u00bb global_colors_info=\u00bb{}\u00bb][et_pb_column type=\u00bb4_4&#8243; _builder_version=\u00bb4.4.6&#8243; global_colors_info=\u00bb{}\u00bb][et_pb_button button_url=\u00bbhttps:\/\/www.carmencalvo.co.uk\/es\/ponerse-en-contacto\/\u00bb button_text=\u00bbReserva una consulta\u00bb button_alignment=\u00bbleft\u00bb _builder_version=\u00bb4.14.8&#8243; _module_preset=\u00bbdefault\u00bb custom_button=\u00bbon\u00bb global_colors_info=\u00bb{}\u00bb button_text_color__hover_enabled=\u00bbon|hover\u00bb button_text_color__hover=\u00bb#06192e\u00bb][\/et_pb_button][et_pb_blurb icon_alignment=\u00bbleft\u00bb content_max_width=\u00bb100%\u00bb _builder_version=\u00bb4.14.8&#8243; header_level=\u00bbh3&#8243; header_font=\u00bbHeebo||||||||\u00bb header_text_color=\u00bb#bfa97f\u00bb header_font_size=\u00bb24px\u00bb header_line_height=\u00bb1.3em\u00bb body_text_color=\u00bb#06192e\u00bb body_line_height=\u00bb2em\u00bb background_layout=\u00bbdark\u00bb custom_padding=\u00bb40px||||false|false\u00bb header_font_size_tablet=\u00bb\u00bb header_font_size_phone=\u00bb20px\u00bb header_font_size_last_edited=\u00bbon|desktop\u00bb body_font_size_tablet=\u00bb14px\u00bb body_font_size_phone=\u00bb\u00bb body_font_size_last_edited=\u00bbon|phone\u00bb global_colors_info=\u00bb{}\u00bb]<\/p>\n<p>Adem\u00e1s, no tengo seguro de responsabilidad profesional a mi nombre. Por lo tanto, cualquier consejo que d\u00e9 ser\u00e1 a trav\u00e9s de una entidad de abogados para la que hago consultas. Adem\u00e1s, si necesitas informaci\u00f3n sobre los bufetes de abogados con los que trabajo, ponte en contacto conmigo.<\/p>\n<p>[\/et_pb_blurb][\/et_pb_column][\/et_pb_row][\/et_pb_section][et_pb_section fb_built=\u00bb1&#8243; admin_label=\u00bbServices\u00bb _builder_version=\u00bb4.14.6&#8243; background_color=\u00bb#20385e\u00bb z_index=\u00bb0&#8243; custom_margin=\u00bb||||false|false\u00bb custom_padding=\u00bb60px||30px||false|false\u00bb global_colors_info=\u00bb{}\u00bb][et_pb_row use_custom_gutter=\u00bbon\u00bb gutter_width=\u00bb2&#8243; custom_padding_last_edited=\u00bbon|phone\u00bb _builder_version=\u00bb4.14.7&#8243; background_enable_color=\u00bboff\u00bb max_width=\u00bb1200px\u00bb custom_margin=\u00bb||0px||false|false\u00bb custom_margin_tablet=\u00bb||0px||false|false\u00bb custom_margin_phone=\u00bb||0px||false|false\u00bb custom_margin_last_edited=\u00bbon|phone\u00bb custom_padding=\u00bb0px||0px||true|true\u00bb custom_padding_tablet=\u00bb50px|30px|50px|30px|true|true\u00bb custom_padding_phone=\u00bb0px|0px|0px|0px|true|true\u00bb locked=\u00bboff\u00bb global_colors_info=\u00bb{}\u00bb][et_pb_column type=\u00bb4_4&#8243; _builder_version=\u00bb4.4.6&#8243; global_colors_info=\u00bb{}\u00bb][et_pb_testimonial quote_icon_color=\u00bb#FFFFFF\u00bb quote_icon_background_color=\u00bbRGBA(0,0,0,0)\u00bb _builder_version=\u00bb4.14.7&#8243; _module_preset=\u00bbdefault\u00bb body_text_color=\u00bb#FFFFFF\u00bb body_font_size=\u00bb24px\u00bb background_color=\u00bbRGBA(0,0,0,0)\u00bb text_orientation=\u00bbcenter\u00bb custom_margin_tablet=\u00bb\u00bb custom_margin_phone=\u00bb\u00bb custom_margin_last_edited=\u00bbon|phone\u00bb custom_padding_tablet=\u00bb\u00bb custom_padding_phone=\u00bb|0px||0px|false|false\u00bb custom_padding_last_edited=\u00bbon|phone\u00bb global_colors_info=\u00bb{}\u00bb]\u00bbCarmen Calvo es una abogada excelente y ha respondido muy bien a nuestras necesidades. Hemos confiado plenamente en Carmen durante todo el proceso de venta y esperamos que la operaci\u00f3n finalice con \u00e9xito.\u00bb<br \/>\n&#8211; DM[\/et_pb_testimonial][\/et_pb_column][\/et_pb_row][\/et_pb_section][et_pb_section fb_built=\u00bb1&#8243; admin_label=\u00bbServices\u00bb _builder_version=\u00bb4.12.1&#8243; background_color=\u00bb#06192e\u00bb z_index=\u00bb0&#8243; custom_margin=\u00bb||||false|false\u00bb custom_padding=\u00bb60px||30px||false|false\u00bb global_module=\u00bb581&#8243; saved_tabs=\u00bball\u00bb global_colors_info=\u00bb{}\u00bb][et_pb_row use_custom_gutter=\u00bbon\u00bb gutter_width=\u00bb2&#8243; custom_padding_last_edited=\u00bbon|phone\u00bb _builder_version=\u00bb4.14.7&#8243; background_enable_color=\u00bboff\u00bb max_width=\u00bb1200px\u00bb custom_margin=\u00bb||0px||false|false\u00bb custom_margin_tablet=\u00bb||0px||false|false\u00bb custom_margin_phone=\u00bb||0px||false|false\u00bb custom_margin_last_edited=\u00bbon|desktop\u00bb custom_padding=\u00bb0px||0px||true|true\u00bb custom_padding_tablet=\u00bb50px|30px|50px|30px|true|true\u00bb custom_padding_phone=\u00bb0px|0px|0px|0px|true|true\u00bb locked=\u00bboff\u00bb global_colors_info=\u00bb{}\u00bb][et_pb_column type=\u00bb4_4&#8243; _builder_version=\u00bb4.4.6&#8243; global_colors_info=\u00bb{}\u00bb][et_pb_text _builder_version=\u00bb4.14.6&#8243; _module_preset=\u00bbdefault\u00bb text_text_color=\u00bb#bfa97f\u00bb custom_padding=\u00bb||||false|false\u00bb global_colors_info=\u00bb{}\u00bb]<span class=\"sectionheadingslight\">Cada caso comienza con una conversaci\u00f3n.<\/span>[\/et_pb_text][\/et_pb_column][\/et_pb_row][et_pb_row column_structure=\u00bb1_3,2_3&#8243; use_custom_gutter=\u00bbon\u00bb gutter_width=\u00bb2&#8243; custom_padding_last_edited=\u00bbon|phone\u00bb _builder_version=\u00bb4.14.7&#8243; background_enable_color=\u00bboff\u00bb max_width=\u00bb1200px\u00bb custom_margin=\u00bb||0px||false|false\u00bb custom_margin_tablet=\u00bb||0px||false|false\u00bb custom_margin_phone=\u00bb||0px||false|false\u00bb custom_margin_last_edited=\u00bbon|phone\u00bb custom_padding=\u00bb0px||0px||true|true\u00bb custom_padding_tablet=\u00bb50px|30px|50px|30px|true|true\u00bb custom_padding_phone=\u00bb0px|0px|0px|0px|true|true\u00bb locked=\u00bboff\u00bb global_colors_info=\u00bb{}\u00bb][et_pb_column type=\u00bb1_3&#8243; _builder_version=\u00bb4.4.6&#8243; global_colors_info=\u00bb{}\u00bb][et_pb_text _builder_version=\u00bb4.14.8&#8243; _module_preset=\u00bbdefault\u00bb text_text_color=\u00bb#bfa97f\u00bb custom_margin=\u00bb20px||||false|false\u00bb global_colors_info=\u00bb{}\u00bb]<\/p>\n<p>Para iniciar esa conversaci\u00f3n, rellena este breve formulario para reservar tu consulta (en l\u00ednea, por tel\u00e9fono o en el lugar que te convenga).<\/p>\n<p>[\/et_pb_text][\/et_pb_column][et_pb_column type=\u00bb2_3&#8243; _builder_version=\u00bb4.4.6&#8243; global_colors_info=\u00bb{}\u00bb][et_pb_contact_form email=\u00bblegal@carmencalvo.co.uk\u00bb success_message=\u00bbGracias por su consulta, Carmen le llamar\u00e1.\u00bb _builder_version=\u00bb4.14.6&#8243; _module_preset=\u00bbdefault\u00bb _unique_id=\u00bb24a02395-6b0a-47d5-9e80-a5350b835be6&#8243; custom_padding=\u00bb|||60px|false|false\u00bb global_colors_info=\u00bb{}\u00bb][et_pb_contact_field field_id=\u00bbName\u00bb field_title=\u00bbNombre\u00bb _builder_version=\u00bb3.16&#8243; global_colors_info=\u00bb{}\u00bb button_text_size__hover_enabled=\u00bboff\u00bb button_one_text_size__hover_enabled=\u00bboff\u00bb button_two_text_size__hover_enabled=\u00bboff\u00bb button_text_color__hover_enabled=\u00bboff\u00bb button_one_text_color__hover_enabled=\u00bboff\u00bb button_two_text_color__hover_enabled=\u00bboff\u00bb button_border_width__hover_enabled=\u00bboff\u00bb button_one_border_width__hover_enabled=\u00bboff\u00bb button_two_border_width__hover_enabled=\u00bboff\u00bb button_border_color__hover_enabled=\u00bboff\u00bb button_one_border_color__hover_enabled=\u00bboff\u00bb button_two_border_color__hover_enabled=\u00bboff\u00bb button_border_radius__hover_enabled=\u00bboff\u00bb button_one_border_radius__hover_enabled=\u00bboff\u00bb button_two_border_radius__hover_enabled=\u00bboff\u00bb button_letter_spacing__hover_enabled=\u00bboff\u00bb button_one_letter_spacing__hover_enabled=\u00bboff\u00bb button_two_letter_spacing__hover_enabled=\u00bboff\u00bb button_bg_color__hover_enabled=\u00bboff\u00bb button_one_bg_color__hover_enabled=\u00bboff\u00bb button_two_bg_color__hover_enabled=\u00bboff\u00bb][\/et_pb_contact_field][et_pb_contact_field field_id=\u00bbPhone_number\u00bb field_title=\u00bbN\u00famero de tel\u00e9fono\u00bb _builder_version=\u00bb4.14.6&#8243; _module_preset=\u00bbdefault\u00bb global_colors_info=\u00bb{}\u00bb][\/et_pb_contact_field][et_pb_contact_field field_id=\u00bbEmail\u00bb field_title=\u00bbDirecci\u00f3n de correo electr\u00f3nico\u00bb field_type=\u00bbemail\u00bb _builder_version=\u00bb4.14.6&#8243; global_colors_info=\u00bb{}\u00bb button_text_size__hover_enabled=\u00bboff\u00bb button_one_text_size__hover_enabled=\u00bboff\u00bb button_two_text_size__hover_enabled=\u00bboff\u00bb button_text_color__hover_enabled=\u00bboff\u00bb button_one_text_color__hover_enabled=\u00bboff\u00bb button_two_text_color__hover_enabled=\u00bboff\u00bb button_border_width__hover_enabled=\u00bboff\u00bb button_one_border_width__hover_enabled=\u00bboff\u00bb button_two_border_width__hover_enabled=\u00bboff\u00bb button_border_color__hover_enabled=\u00bboff\u00bb button_one_border_color__hover_enabled=\u00bboff\u00bb button_two_border_color__hover_enabled=\u00bboff\u00bb button_border_radius__hover_enabled=\u00bboff\u00bb button_one_border_radius__hover_enabled=\u00bboff\u00bb button_two_border_radius__hover_enabled=\u00bboff\u00bb button_letter_spacing__hover_enabled=\u00bboff\u00bb button_one_letter_spacing__hover_enabled=\u00bboff\u00bb button_two_letter_spacing__hover_enabled=\u00bboff\u00bb button_bg_color__hover_enabled=\u00bboff\u00bb button_one_bg_color__hover_enabled=\u00bboff\u00bb button_two_bg_color__hover_enabled=\u00bboff\u00bb][\/et_pb_contact_field][\/et_pb_contact_form][\/et_pb_column][\/et_pb_row][\/et_pb_section]<\/p>\n","protected":false},"excerpt":{"rendered":"<p>Asesor\u00eda Jur\u00eddicaTu socio de confianza para el asesoramiento jur\u00eddico espa\u00f1ol Cre\u00e9 mi consultor\u00eda jur\u00eddica espa\u00f1ola para servir de socio fiable a los bufetes de abogados que buscan orientaci\u00f3n experta en asuntos de Derecho espa\u00f1ol. Servicios que ofrezco: Actuar como consultor de derecho espa\u00f1ol a trav\u00e9s de tu bufete, aportando conocimientos especializados espec\u00edficos Asistir en negociaciones [&hellip;]<\/p>\n","protected":false},"author":3,"featured_media":0,"parent":0,"menu_order":0,"comment_status":"closed","ping_status":"closed","template":"","meta":{"_et_pb_use_builder":"on","_et_pb_old_content":"","_et_gb_content_width":"","_themeisle_gutenberg_block_has_review":false,"footnotes":""},"class_list":["post-905","page","type-page","status-publish","hentry"],"yoast_head":"<!-- This site is optimized with the Yoast SEO plugin v19.11 - https:\/\/yoast.com\/wordpress\/plugins\/seo\/ -->\n<title>Asesora jur\u00eddica en Derecho espa\u00f1ol - Carmen Calvo<\/title>\n<meta name=\"description\" content=\"Abogado de habla hispana y titulado espa\u00f1ol capaz de asistirte como asesor jur\u00eddico en derecho espa\u00f1ol en tus asuntos.\" \/>\n<meta name=\"robots\" content=\"index, follow, max-snippet:-1, max-image-preview:large, max-video-preview:-1\" \/>\n<link rel=\"canonical\" href=\"https:\/\/www.carmencalvo.co.uk\/es\/asesoria-juridica\/\" \/>\n<meta property=\"og:locale\" content=\"es_ES\" \/>\n<meta property=\"og:type\" content=\"article\" \/>\n<meta property=\"og:title\" content=\"Asesora jur\u00eddica en Derecho espa\u00f1ol - Carmen Calvo\" \/>\n<meta property=\"og:description\" content=\"Abogado de habla hispana y titulado espa\u00f1ol capaz de asistirte como asesor jur\u00eddico en derecho espa\u00f1ol en tus asuntos.\" \/>\n<meta property=\"og:url\" content=\"https:\/\/www.carmencalvo.co.uk\/es\/asesoria-juridica\/\" \/>\n<meta property=\"og:site_name\" content=\"Carmen Calvo - Legal Consultant\" \/>\n<meta property=\"article:modified_time\" content=\"2024-11-22T14:50:23+00:00\" \/>\n<meta name=\"twitter:card\" content=\"summary_large_image\" \/>\n<meta name=\"twitter:label1\" content=\"Tiempo de lectura\" \/>\n\t<meta name=\"twitter:data1\" content=\"9 minutos\" \/>\n<script type=\"application\/ld+json\" class=\"yoast-schema-graph\">{\"@context\":\"https:\/\/schema.org\",\"@graph\":[{\"@type\":\"WebPage\",\"@id\":\"https:\/\/www.carmencalvo.co.uk\/es\/asesoria-juridica\/\",\"url\":\"https:\/\/www.carmencalvo.co.uk\/es\/asesoria-juridica\/\",\"name\":\"Asesora jur\u00eddica en Derecho espa\u00f1ol - Carmen Calvo\",\"isPartOf\":{\"@id\":\"https:\/\/www.carmencalvo.co.uk\/es\/#website\"},\"datePublished\":\"2022-01-19T07:47:16+00:00\",\"dateModified\":\"2024-11-22T14:50:23+00:00\",\"description\":\"Abogado de habla hispana y titulado espa\u00f1ol capaz de asistirte como asesor jur\u00eddico en derecho espa\u00f1ol en tus asuntos.\",\"breadcrumb\":{\"@id\":\"https:\/\/www.carmencalvo.co.uk\/es\/asesoria-juridica\/#breadcrumb\"},\"inLanguage\":\"es\",\"potentialAction\":[{\"@type\":\"ReadAction\",\"target\":[\"https:\/\/www.carmencalvo.co.uk\/es\/asesoria-juridica\/\"]}]},{\"@type\":\"BreadcrumbList\",\"@id\":\"https:\/\/www.carmencalvo.co.uk\/es\/asesoria-juridica\/#breadcrumb\",\"itemListElement\":[{\"@type\":\"ListItem\",\"position\":1,\"name\":\"Home\",\"item\":\"https:\/\/www.carmencalvo.co.uk\/es\/hogar\/\"},{\"@type\":\"ListItem\",\"position\":2,\"name\":\"Asesor\u00eda Jur\u00eddica\"}]},{\"@type\":\"WebSite\",\"@id\":\"https:\/\/www.carmencalvo.co.uk\/es\/#website\",\"url\":\"https:\/\/www.carmencalvo.co.uk\/es\/\",\"name\":\"Carmen Calvo - Legal Consultant\",\"description\":\"Solicitor and Spanish Qualified Lawyer\",\"potentialAction\":[{\"@type\":\"SearchAction\",\"target\":{\"@type\":\"EntryPoint\",\"urlTemplate\":\"https:\/\/www.carmencalvo.co.uk\/es\/?s={search_term_string}\"},\"query-input\":\"required name=search_term_string\"}],\"inLanguage\":\"es\"}]}<\/script>\n<!-- \/ Yoast SEO plugin. -->","yoast_head_json":{"title":"Asesora jur\u00eddica en Derecho espa\u00f1ol - Carmen Calvo","description":"Abogado de habla hispana y titulado espa\u00f1ol capaz de asistirte como asesor jur\u00eddico en derecho espa\u00f1ol en tus asuntos.","robots":{"index":"index","follow":"follow","max-snippet":"max-snippet:-1","max-image-preview":"max-image-preview:large","max-video-preview":"max-video-preview:-1"},"canonical":"https:\/\/www.carmencalvo.co.uk\/es\/asesoria-juridica\/","og_locale":"es_ES","og_type":"article","og_title":"Asesora jur\u00eddica en Derecho espa\u00f1ol - Carmen Calvo","og_description":"Abogado de habla hispana y titulado espa\u00f1ol capaz de asistirte como asesor jur\u00eddico en derecho espa\u00f1ol en tus asuntos.","og_url":"https:\/\/www.carmencalvo.co.uk\/es\/asesoria-juridica\/","og_site_name":"Carmen Calvo - Legal Consultant","article_modified_time":"2024-11-22T14:50:23+00:00","twitter_card":"summary_large_image","twitter_misc":{"Tiempo de lectura":"9 minutos"},"schema":{"@context":"https:\/\/schema.org","@graph":[{"@type":"WebPage","@id":"https:\/\/www.carmencalvo.co.uk\/es\/asesoria-juridica\/","url":"https:\/\/www.carmencalvo.co.uk\/es\/asesoria-juridica\/","name":"Asesora jur\u00eddica en Derecho espa\u00f1ol - Carmen Calvo","isPartOf":{"@id":"https:\/\/www.carmencalvo.co.uk\/es\/#website"},"datePublished":"2022-01-19T07:47:16+00:00","dateModified":"2024-11-22T14:50:23+00:00","description":"Abogado de habla hispana y titulado espa\u00f1ol capaz de asistirte como asesor jur\u00eddico en derecho espa\u00f1ol en tus asuntos.","breadcrumb":{"@id":"https:\/\/www.carmencalvo.co.uk\/es\/asesoria-juridica\/#breadcrumb"},"inLanguage":"es","potentialAction":[{"@type":"ReadAction","target":["https:\/\/www.carmencalvo.co.uk\/es\/asesoria-juridica\/"]}]},{"@type":"BreadcrumbList","@id":"https:\/\/www.carmencalvo.co.uk\/es\/asesoria-juridica\/#breadcrumb","itemListElement":[{"@type":"ListItem","position":1,"name":"Home","item":"https:\/\/www.carmencalvo.co.uk\/es\/hogar\/"},{"@type":"ListItem","position":2,"name":"Asesor\u00eda Jur\u00eddica"}]},{"@type":"WebSite","@id":"https:\/\/www.carmencalvo.co.uk\/es\/#website","url":"https:\/\/www.carmencalvo.co.uk\/es\/","name":"Carmen Calvo - Legal Consultant","description":"Solicitor and Spanish Qualified Lawyer","potentialAction":[{"@type":"SearchAction","target":{"@type":"EntryPoint","urlTemplate":"https:\/\/www.carmencalvo.co.uk\/es\/?s={search_term_string}"},"query-input":"required name=search_term_string"}],"inLanguage":"es"}]}},"_links":{"self":[{"href":"https:\/\/www.carmencalvo.co.uk\/es\/wp-json\/wp\/v2\/pages\/905","targetHints":{"allow":["GET"]}}],"collection":[{"href":"https:\/\/www.carmencalvo.co.uk\/es\/wp-json\/wp\/v2\/pages"}],"about":[{"href":"https:\/\/www.carmencalvo.co.uk\/es\/wp-json\/wp\/v2\/types\/page"}],"author":[{"embeddable":true,"href":"https:\/\/www.carmencalvo.co.uk\/es\/wp-json\/wp\/v2\/users\/3"}],"replies":[{"embeddable":true,"href":"https:\/\/www.carmencalvo.co.uk\/es\/wp-json\/wp\/v2\/comments?post=905"}],"version-history":[{"count":10,"href":"https:\/\/www.carmencalvo.co.uk\/es\/wp-json\/wp\/v2\/pages\/905\/revisions"}],"predecessor-version":[{"id":2315,"href":"https:\/\/www.carmencalvo.co.uk\/es\/wp-json\/wp\/v2\/pages\/905\/revisions\/2315"}],"wp:attachment":[{"href":"https:\/\/www.carmencalvo.co.uk\/es\/wp-json\/wp\/v2\/media?parent=905"}],"curies":[{"name":"wp","href":"https:\/\/api.w.org\/{rel}","templated":true}]}}