{"id":914,"date":"2022-01-19T07:47:49","date_gmt":"2022-01-19T07:47:49","guid":{"rendered":"https:\/\/www.carmencalvo.co.uk\/servicios-juridicos-espanoles\/"},"modified":"2024-11-22T14:55:40","modified_gmt":"2024-11-22T14:55:40","slug":"servicios-juridicos-espanoles","status":"publish","type":"page","link":"https:\/\/www.carmencalvo.co.uk\/es\/servicios-juridicos-espanoles\/","title":{"rendered":"Servicios Jur\u00eddicos Espa\u00f1oles"},"content":{"rendered":"<p>[et_pb_section fb_built=\u00bb1&#8243; custom_padding_last_edited=\u00bboff|desktop\u00bb admin_label=\u00bbHeader\u00bb _builder_version=\u00bb4.14.8&#8243; background_enable_color=\u00bboff\u00bb use_background_color_gradient=\u00bbon\u00bb background_color_gradient_start=\u00bb#06192e\u00bb background_color_gradient_end=\u00bb#20385e\u00bb background_color_gradient_direction=\u00bb251deg\u00bb background_color_gradient_start_position=\u00bb17%\u00bb background_color_gradient_end_position=\u00bb84%\u00bb background_image=\u00bbhttps:\/\/www.carmencalvo.co.uk\/wp-content\/uploads\/2024\/11\/Spanish-Villa-scaled-e1684935388331-copy.jpg\u00bb parallax=\u00bbon\u00bb custom_padding=\u00bb30px||20px||false|false\u00bb custom_padding_tablet=\u00bb||||false|false\u00bb custom_padding_phone=\u00bb||||false|false\u00bb global_colors_info=\u00bb{}\u00bb background__hover_enabled=\u00bbon|desktop\u00bb][et_pb_row _builder_version=\u00bb4.14.6&#8243; max_width=\u00bb1200px\u00bb custom_margin=\u00bb||||false|false\u00bb custom_padding=\u00bb||||false|false\u00bb border_color_all=\u00bbRGBA(0,0,0,0)\u00bb border_color_top=\u00bbRGBA(0,0,0,0)\u00bb border_width_bottom=\u00bb8px\u00bb border_width_left=\u00bb8px\u00bb global_colors_info=\u00bb{}\u00bb][et_pb_column type=\u00bb4_4&#8243; _builder_version=\u00bb4.4.7&#8243; custom_padding_tablet=\u00bb|||30px|false|false\u00bb custom_padding_last_edited=\u00bboff|desktop\u00bb global_colors_info=\u00bb{}\u00bb][et_pb_text _builder_version=\u00bb4.14.7&#8243; _module_preset=\u00bbdefault\u00bb header_font=\u00bbNanum Gothic|700|||||||\u00bb header_text_color=\u00bb#bfa97f\u00bb header_font_size=\u00bb60px\u00bb global_colors_info=\u00bb{}\u00bb]<\/p>\n<h1>Servicios Jur\u00eddicos Espa\u00f1oles<\/h1>\n<p>[\/et_pb_text][\/et_pb_column][\/et_pb_row][\/et_pb_section][et_pb_section fb_built=\u00bb1&#8243; admin_label=\u00bbServices\u00bb _builder_version=\u00bb4.14.6&#8243; background_color=\u00bb#bfa97f\u00bb background_image=\u00bbhttps:\/\/www.carmencalvo.co.uk\/wp-content\/uploads\/2022\/01\/carmencalvo-iconbackground.png\u00bb background_size=\u00bbinitial\u00bb background_position=\u00bbbottom_right\u00bb z_index=\u00bb0&#8243; custom_margin=\u00bb0px||0px||false|false\u00bb custom_padding=\u00bb0px||0px||false|false\u00bb global_colors_info=\u00bb{}\u00bb][et_pb_row use_custom_gutter=\u00bbon\u00bb gutter_width=\u00bb2&#8243; custom_padding_last_edited=\u00bbon|phone\u00bb _builder_version=\u00bb4.14.8&#8243; background_enable_color=\u00bboff\u00bb max_width=\u00bb1200px\u00bb custom_margin=\u00bb||||false|false\u00bb custom_padding=\u00bb||||true|true\u00bb custom_padding_tablet=\u00bb50px|30px|50px|30px|true|true\u00bb custom_padding_phone=\u00bb20px|0px|20px|0px|true|true\u00bb locked=\u00bboff\u00bb global_colors_info=\u00bb{}\u00bb][et_pb_column type=\u00bb4_4&#8243; _builder_version=\u00bb4.4.6&#8243; global_colors_info=\u00bb{}\u00bb][et_pb_blurb icon_alignment=\u00bbleft\u00bb content_max_width=\u00bb100%\u00bb _builder_version=\u00bb4.14.8&#8243; header_level=\u00bbh3&#8243; header_font=\u00bbHeebo||||||||\u00bb header_text_color=\u00bb#bfa97f\u00bb header_font_size=\u00bb24px\u00bb header_line_height=\u00bb1.3em\u00bb body_text_color=\u00bb#06192e\u00bb body_line_height=\u00bb2em\u00bb background_layout=\u00bbdark\u00bb custom_padding=\u00bb40px||||false|false\u00bb header_font_size_tablet=\u00bb\u00bb header_font_size_phone=\u00bb20px\u00bb header_font_size_last_edited=\u00bbon|desktop\u00bb body_font_size_tablet=\u00bb14px\u00bb body_font_size_phone=\u00bb\u00bb body_font_size_last_edited=\u00bbon|phone\u00bb global_colors_info=\u00bb{}\u00bb]<\/p>\n<p><span class=\"sectionheadings\">Si necesitas asesoramiento sobre la legislaci\u00f3n espa\u00f1ola, has venido al lugar adecuado.<\/span><\/p>\n<p><span class=\"sectionheadings\"><\/span><\/p>\n<h3><span style=\"color: #06192e;\">Soy abogado espa\u00f1ol y he estado trabajando en el Reino Unido y en el extranjero.  <\/span><\/h3>\n<h3><span style=\"color: #06192e;\">el \u00e1mbito jur\u00eddico durante los \u00faltimos <span class=\"sectionheadings\"><\/span>26 a\u00f1os. Esto me ha dado una ventaja, ya que comprendo ambas culturas. <\/span><\/h3>\n<h3><span style=\"color: #06192e;\">(brit\u00e1nica y espa\u00f1ola), as\u00ed como ambas jurisdicciones legales.  <\/span><\/h3>\n<h3><span style=\"color: #06192e;\"><\/span><\/h3>\n<h3><span style=\"color: #06192e;\"><\/span><\/h3>\n<h3><span style=\"color: #06192e;\">Tanto si tienes un asunto personal como empresarial, tendr\u00e9 la experiencia necesaria para ayudarte en \u00e1reas como:  <\/span><\/h3>\n<h2><\/h2>\n<div id=\"bluebullets\">\n<ul>\n<ul>\n<li><span style=\"color: #06192e;\"><a href=\"https:\/\/www.carmencalvo.co.uk\/es\/comprar-propiedad-espanola\/\" style=\"color: #06192e;\"><span style=\"text-decoration: underline;\">Comprar o vender una vivienda en Espa\u00f1a<\/span> <\/a><\/span><\/li>\n<li><span style=\"color: #06192e;\">Derecho de sucesiones espa\u00f1ol y tramitaci\u00f3n de sucesiones<\/span><\/li>\n<li><span style=\"color: #06192e;\">Asesoramiento para obtener un visado espa\u00f1ol o certificados NIE<\/span><\/li>\n<li><span style=\"text-decoration: underline; color: #06192e;\"><a href=\"https:\/\/www.carmencalvo.co.uk\/es\/visados-espanoles-no-lucrativos\/\" style=\"color: #06192e; text-decoration: underline;\">Visados espa\u00f1oles no lucrativos u otros visados espa\u00f1oles<\/a><\/span><\/li>\n<li><span style=\"color: #06192e;\">Obtener la nacionalidad espa\u00f1ola<\/span><\/li>\n<li><span style=\"color: #06192e;\">Reclamaciones de accidentes y da\u00f1os personales en vacaciones en Espa\u00f1a<\/span><\/li>\n<li><span style=\"color: #06192e;\"><a href=\"https:\/\/www.carmencalvo.co.uk\/es\/como-obtener-una-visa-espanola\/\" style=\"color: #06192e; text-decoration: underline;\">Preparaci\u00f3n de un poder notarial espa\u00f1ol<\/a><\/span><\/li>\n<li><span style=\"color: #06192e;\">Preparaci\u00f3n de un testamento espa\u00f1ol<\/span><\/li>\n<li><span style=\"color: #06192e;\">Transmitir una propiedad espa\u00f1ola a tu nombre<\/span><\/li>\n<li><span style=\"color: #06192e;\">disputas bancarias<\/span><\/li>\n<li><span style=\"color: #06192e;\">litigio espa\u00f1ol<\/span><\/li>\n<li><span style=\"color: #06192e;\">Declaraciones juradas\/Certificados de derecho espa\u00f1ol<\/span><\/li>\n<li><span style=\"color: #06192e;\">Ayuda en la comercializaci\u00f3n de propiedades espa\u00f1olas, y mucho m\u00e1s.<\/span><\/li>\n<\/ul>\n<\/ul>\n<\/div>\n<blockquote>\n<p>Empecemos por aqu\u00ed: asesoramiento jur\u00eddico, en l\u00ednea, por tel\u00e9fono o en persona en un lugar conveniente.<\/p>\n<\/blockquote>\n<p>[\/et_pb_blurb][et_pb_button button_url=\u00bbhttps:\/\/www.carmencalvo.co.uk\/es\/ponerse-en-contacto\/\u00bb button_text=\u00bbReserva una consulta\u00bb button_alignment=\u00bbleft\u00bb _builder_version=\u00bb4.14.8&#8243; _module_preset=\u00bbdefault\u00bb custom_button=\u00bbon\u00bb global_colors_info=\u00bb{}\u00bb button_text_color__hover_enabled=\u00bbon|hover\u00bb button_text_color__hover=\u00bb#06192e\u00bb][\/et_pb_button][\/et_pb_column][\/et_pb_row][\/et_pb_section][et_pb_section fb_built=\u00bb1&#8243; admin_label=\u00bbServices\u00bb _builder_version=\u00bb4.14.6&#8243; background_color=\u00bb#20385e\u00bb z_index=\u00bb0&#8243; custom_margin=\u00bb||||false|false\u00bb custom_padding=\u00bb60px||30px||false|false\u00bb global_colors_info=\u00bb{}\u00bb][et_pb_row use_custom_gutter=\u00bbon\u00bb gutter_width=\u00bb2&#8243; custom_padding_last_edited=\u00bbon|phone\u00bb _builder_version=\u00bb4.14.8&#8243; background_enable_color=\u00bboff\u00bb max_width=\u00bb1200px\u00bb custom_margin=\u00bb||0px||false|false\u00bb custom_padding=\u00bb0px||0px||true|true\u00bb custom_padding_tablet=\u00bb50px|30px|50px|30px|true|true\u00bb custom_padding_phone=\u00bb0px|0px|0px|0px|true|true\u00bb locked=\u00bboff\u00bb global_colors_info=\u00bb{}\u00bb][et_pb_column type=\u00bb4_4&#8243; _builder_version=\u00bb4.4.6&#8243; global_colors_info=\u00bb{}\u00bb][et_pb_text _builder_version=\u00bb4.14.6&#8243; _module_preset=\u00bbdefault\u00bb text_text_color=\u00bb#bfa97f\u00bb custom_padding=\u00bb||20px||false|false\u00bb global_colors_info=\u00bb{}\u00bb]<span class=\"sectionheadingslight\">Estudios de caso<\/span><\/p>\n<p><strong>Sucesiones<\/strong><br \/>\nMi ayuda como abogado del Reino Unido que se ocupa de la legislaci\u00f3n espa\u00f1ola fue necesaria en un caso en el que participaban tres generaciones y en el que la generaci\u00f3n m\u00e1s antigua pose\u00eda una propiedad espa\u00f1ola que segu\u00eda a su nombre, aunque hab\u00edan fallecido hac\u00eda muchos a\u00f1os. Debido a que eran fallecidos, los testamentos se ten\u00edan que completar en Espa\u00f1a y era una situaci\u00f3n muy compleja con muchas personas involucradas, algunas viviendo en diferentes partes del mundo. Logramos completar las sucesiones espa\u00f1olas y luego la venta de la propiedad, lo que signific\u00f3 que los beneficiarios pudieran disfrutar del producto de la venta. <\/p>\n<p><strong>Venta<\/strong><br \/>\nAsist\u00ed en la comercializaci\u00f3n y venta de una propiedad espa\u00f1ola de una persona que hab\u00eda perdido la capacidad en el Reino Unido. Mediante el uso del poder notarial duradero del Reino Unido, logramos completar la venta de la propiedad en Espa\u00f1a, lo que permiti\u00f3 el pago de una residencia de ancianos en el Reino Unido, ya que no hab\u00eda otros activos en el Reino Unido. Fue un caso muy delicado, pero logramos resolver los problemas que encontramos y llevamos el caso a una conclusi\u00f3n final en beneficio de todas las partes.<\/p>\n<p><strong>Compra<\/strong><br \/>\nUn cliente necesitaba mi ayuda experta para la compra de unas casas r\u00fasticas en el sur de Espa\u00f1a. Despu\u00e9s de algunas b\u00fasquedas y los consejos que les brind\u00e9, lograron encontrar una propiedad diferente que fuera m\u00e1s adecuada para ellos. Ahora los estoy ayudando con sus VISA para que eventualmente puedan mudarse a Espa\u00f1a y disfrutar de la casa por per\u00edodos de tiempo m\u00e1s largos. <\/p>\n<p><strong>Asuntos bancarios<\/strong><br \/>\nAsist\u00ed a un cliente en las negociaciones con un prestamista espa\u00f1ol para entregar la propiedad sin coste alguno para mi cliente. Esto a veces es dif\u00edcil ya que los prestamistas espa\u00f1oles son muy estrictos en la forma en que operan, sin embargo, logr\u00e9 obtener un buen trato, lo que signific\u00f3 que mi cliente estaba libre de estr\u00e9s y pudo evitar cualquier repercusi\u00f3n a largo plazo. [\/et_pb_text][\/et_pb_column][\/et_pb_row][\/et_pb_section][et_pb_section fb_built=\u00bb1&#8243; admin_label=\u00bbServices\u00bb _builder_version=\u00bb4.12.1&#8243; background_color=\u00bb#06192e\u00bb z_index=\u00bb0&#8243; custom_margin=\u00bb||||false|false\u00bb custom_padding=\u00bb60px||30px||false|false\u00bb global_module=\u00bb581&#8243; saved_tabs=\u00bball\u00bb global_colors_info=\u00bb{}\u00bb][et_pb_row use_custom_gutter=\u00bbon\u00bb gutter_width=\u00bb2&#8243; custom_padding_last_edited=\u00bbon|phone\u00bb _builder_version=\u00bb4.14.7&#8243; background_enable_color=\u00bboff\u00bb max_width=\u00bb1200px\u00bb custom_margin=\u00bb||0px||false|false\u00bb custom_margin_tablet=\u00bb||0px||false|false\u00bb custom_margin_phone=\u00bb||0px||false|false\u00bb custom_margin_last_edited=\u00bbon|desktop\u00bb custom_padding=\u00bb0px||0px||true|true\u00bb custom_padding_tablet=\u00bb50px|30px|50px|30px|true|true\u00bb custom_padding_phone=\u00bb0px|0px|0px|0px|true|true\u00bb locked=\u00bboff\u00bb global_colors_info=\u00bb{}\u00bb][et_pb_column type=\u00bb4_4&#8243; _builder_version=\u00bb4.4.6&#8243; global_colors_info=\u00bb{}\u00bb][et_pb_text _builder_version=\u00bb4.14.6&#8243; _module_preset=\u00bbdefault\u00bb text_text_color=\u00bb#bfa97f\u00bb custom_padding=\u00bb||||false|false\u00bb global_colors_info=\u00bb{}\u00bb]<span class=\"sectionheadingslight\">Cada caso comienza con una conversaci\u00f3n.<\/span>[\/et_pb_text][\/et_pb_column][\/et_pb_row][et_pb_row column_structure=\u00bb2_5,3_5&#8243; use_custom_gutter=\u00bbon\u00bb gutter_width=\u00bb2&#8243; custom_padding_last_edited=\u00bbon|phone\u00bb _builder_version=\u00bb4.14.7&#8243; background_enable_color=\u00bboff\u00bb max_width=\u00bb1200px\u00bb custom_margin=\u00bb||0px||false|false\u00bb custom_margin_tablet=\u00bb||0px||false|false\u00bb custom_margin_phone=\u00bb||0px||false|false\u00bb custom_margin_last_edited=\u00bbon|phone\u00bb custom_padding=\u00bb0px||0px||true|true\u00bb custom_padding_tablet=\u00bb50px|30px|50px|30px|true|true\u00bb custom_padding_phone=\u00bb0px|0px|0px|0px|true|true\u00bb locked=\u00bboff\u00bb global_colors_info=\u00bb{}\u00bb][et_pb_column type=\u00bb2_5&#8243; _builder_version=\u00bb4.4.6&#8243; global_colors_info=\u00bb{}\u00bb][et_pb_text _builder_version=\u00bb4.14.8&#8243; _module_preset=\u00bbdefault\u00bb text_text_color=\u00bb#bfa97f\u00bb custom_margin=\u00bb20px||||false|false\u00bb global_colors_info=\u00bb{}\u00bb]<\/p>\n<p>Para iniciar esa conversaci\u00f3n, rellena este breve formulario para reservar tu consulta (en l\u00ednea, por tel\u00e9fono o en el lugar que te convenga).<\/p>\n<p>[\/et_pb_text][\/et_pb_column][et_pb_column type=\u00bb3_5&#8243; _builder_version=\u00bb4.14.8&#8243; _module_preset=\u00bbdefault\u00bb global_colors_info=\u00bb{}\u00bb][et_pb_contact_form email=\u00bblegal@carmencalco.uk\u00bb success_message=\u00bbGracias por ponerse en contacto, Carmen le llamar\u00e1 pronto.\u00bb _builder_version=\u00bb4.14.8&#8243; _module_preset=\u00bbdefault\u00bb _unique_id=\u00bbdc394994-b49f-4eb5-aa4c-85d7423ee8d8&#8243; global_colors_info=\u00bb{}\u00bb][et_pb_contact_field field_id=\u00bbName\u00bb field_title=\u00bbNombre\u00bb _builder_version=\u00bb4.14.8&#8243; global_colors_info=\u00bb{}\u00bb button_text_size__hover_enabled=\u00bboff\u00bb button_one_text_size__hover_enabled=\u00bboff\u00bb button_two_text_size__hover_enabled=\u00bboff\u00bb button_text_color__hover_enabled=\u00bboff\u00bb button_one_text_color__hover_enabled=\u00bboff\u00bb button_two_text_color__hover_enabled=\u00bboff\u00bb button_border_width__hover_enabled=\u00bboff\u00bb button_one_border_width__hover_enabled=\u00bboff\u00bb button_two_border_width__hover_enabled=\u00bboff\u00bb button_border_color__hover_enabled=\u00bboff\u00bb button_one_border_color__hover_enabled=\u00bboff\u00bb button_two_border_color__hover_enabled=\u00bboff\u00bb button_border_radius__hover_enabled=\u00bboff\u00bb button_one_border_radius__hover_enabled=\u00bboff\u00bb button_two_border_radius__hover_enabled=\u00bboff\u00bb button_letter_spacing__hover_enabled=\u00bboff\u00bb button_one_letter_spacing__hover_enabled=\u00bboff\u00bb button_two_letter_spacing__hover_enabled=\u00bboff\u00bb button_bg_color__hover_enabled=\u00bboff\u00bb button_one_bg_color__hover_enabled=\u00bboff\u00bb button_two_bg_color__hover_enabled=\u00bboff\u00bb][\/et_pb_contact_field][et_pb_contact_field field_id=\u00bbEmail\u00bb field_title=\u00bbDirecci\u00f3n de correo electr\u00f3nico\u00bb field_type=\u00bbemail\u00bb _builder_version=\u00bb3.16&#8243; global_colors_info=\u00bb{}\u00bb button_text_size__hover_enabled=\u00bboff\u00bb button_one_text_size__hover_enabled=\u00bboff\u00bb button_two_text_size__hover_enabled=\u00bboff\u00bb button_text_color__hover_enabled=\u00bboff\u00bb button_one_text_color__hover_enabled=\u00bboff\u00bb button_two_text_color__hover_enabled=\u00bboff\u00bb button_border_width__hover_enabled=\u00bboff\u00bb button_one_border_width__hover_enabled=\u00bboff\u00bb button_two_border_width__hover_enabled=\u00bboff\u00bb button_border_color__hover_enabled=\u00bboff\u00bb button_one_border_color__hover_enabled=\u00bboff\u00bb button_two_border_color__hover_enabled=\u00bboff\u00bb button_border_radius__hover_enabled=\u00bboff\u00bb button_one_border_radius__hover_enabled=\u00bboff\u00bb button_two_border_radius__hover_enabled=\u00bboff\u00bb button_letter_spacing__hover_enabled=\u00bboff\u00bb button_one_letter_spacing__hover_enabled=\u00bboff\u00bb button_two_letter_spacing__hover_enabled=\u00bboff\u00bb button_bg_color__hover_enabled=\u00bboff\u00bb button_one_bg_color__hover_enabled=\u00bboff\u00bb button_two_bg_color__hover_enabled=\u00bboff\u00bb][\/et_pb_contact_field][et_pb_contact_field field_id=\u00bbMessage\u00bb field_title=\u00bbMensaje\u00bb field_type=\u00bbtext\u00bb fullwidth_field=\u00bbon\u00bb _builder_version=\u00bb3.16&#8243; global_colors_info=\u00bb{}\u00bb button_text_size__hover_enabled=\u00bboff\u00bb button_one_text_size__hover_enabled=\u00bboff\u00bb button_two_text_size__hover_enabled=\u00bboff\u00bb button_text_color__hover_enabled=\u00bboff\u00bb button_one_text_color__hover_enabled=\u00bboff\u00bb button_two_text_color__hover_enabled=\u00bboff\u00bb button_border_width__hover_enabled=\u00bboff\u00bb button_one_border_width__hover_enabled=\u00bboff\u00bb button_two_border_width__hover_enabled=\u00bboff\u00bb button_border_color__hover_enabled=\u00bboff\u00bb button_one_border_color__hover_enabled=\u00bboff\u00bb button_two_border_color__hover_enabled=\u00bboff\u00bb button_border_radius__hover_enabled=\u00bboff\u00bb button_one_border_radius__hover_enabled=\u00bboff\u00bb button_two_border_radius__hover_enabled=\u00bboff\u00bb button_letter_spacing__hover_enabled=\u00bboff\u00bb button_one_letter_spacing__hover_enabled=\u00bboff\u00bb button_two_letter_spacing__hover_enabled=\u00bboff\u00bb button_bg_color__hover_enabled=\u00bboff\u00bb button_one_bg_color__hover_enabled=\u00bboff\u00bb button_two_bg_color__hover_enabled=\u00bboff\u00bb][\/et_pb_contact_field][\/et_pb_contact_form][\/et_pb_column][\/et_pb_row][\/et_pb_section]<\/p>\n","protected":false},"excerpt":{"rendered":"<p>Servicios Jur\u00eddicos Espa\u00f1olesSi necesitas asesoramiento sobre la legislaci\u00f3n espa\u00f1ola, has venido al lugar adecuado. Soy abogado espa\u00f1ol y he estado trabajando en el Reino Unido y en el extranjero. el \u00e1mbito jur\u00eddico durante los \u00faltimos 26 a\u00f1os. Esto me ha dado una ventaja, ya que comprendo ambas culturas. (brit\u00e1nica y espa\u00f1ola), as\u00ed como ambas jurisdicciones [&hellip;]<\/p>\n","protected":false},"author":3,"featured_media":0,"parent":0,"menu_order":0,"comment_status":"closed","ping_status":"closed","template":"","meta":{"_et_pb_use_builder":"on","_et_pb_old_content":"","_et_gb_content_width":"","_themeisle_gutenberg_block_has_review":false,"footnotes":""},"class_list":["post-914","page","type-page","status-publish","hentry"],"yoast_head":"<!-- This site is optimized with the Yoast SEO plugin v19.11 - https:\/\/yoast.com\/wordpress\/plugins\/seo\/ -->\n<title>Servicios Jur\u00eddicos Espa\u00f1oles - Carmen Calvo - Legal Consultant<\/title>\n<meta name=\"description\" content=\"Con sede en el Reino Unido, puedo ayudarte con tus asuntos de Derecho espa\u00f1ol y explicarte el procedimiento de forma que lo entiendas %.\" \/>\n<meta name=\"robots\" content=\"index, follow, max-snippet:-1, max-image-preview:large, max-video-preview:-1\" \/>\n<link rel=\"canonical\" href=\"https:\/\/www.carmencalvo.co.uk\/es\/servicios-juridicos-espanoles\/\" \/>\n<meta property=\"og:locale\" content=\"es_ES\" \/>\n<meta property=\"og:type\" content=\"article\" \/>\n<meta property=\"og:title\" content=\"Servicios Jur\u00eddicos Espa\u00f1oles - Carmen Calvo - Legal Consultant\" \/>\n<meta property=\"og:description\" content=\"Con sede en el Reino Unido, puedo ayudarte con tus asuntos de Derecho espa\u00f1ol y explicarte el procedimiento de forma que lo entiendas %.\" \/>\n<meta property=\"og:url\" content=\"https:\/\/www.carmencalvo.co.uk\/es\/servicios-juridicos-espanoles\/\" \/>\n<meta property=\"og:site_name\" content=\"Carmen Calvo - Legal Consultant\" \/>\n<meta property=\"article:modified_time\" content=\"2024-11-22T14:55:40+00:00\" \/>\n<meta name=\"twitter:card\" content=\"summary_large_image\" \/>\n<meta name=\"twitter:label1\" content=\"Tiempo de lectura\" \/>\n\t<meta name=\"twitter:data1\" content=\"10 minutos\" \/>\n<script type=\"application\/ld+json\" class=\"yoast-schema-graph\">{\"@context\":\"https:\/\/schema.org\",\"@graph\":[{\"@type\":\"WebPage\",\"@id\":\"https:\/\/www.carmencalvo.co.uk\/es\/servicios-juridicos-espanoles\/\",\"url\":\"https:\/\/www.carmencalvo.co.uk\/es\/servicios-juridicos-espanoles\/\",\"name\":\"Servicios Jur\u00eddicos Espa\u00f1oles - Carmen Calvo - Legal Consultant\",\"isPartOf\":{\"@id\":\"https:\/\/www.carmencalvo.co.uk\/es\/#website\"},\"datePublished\":\"2022-01-19T07:47:49+00:00\",\"dateModified\":\"2024-11-22T14:55:40+00:00\",\"description\":\"Con sede en el Reino Unido, puedo ayudarte con tus asuntos de Derecho espa\u00f1ol y explicarte el procedimiento de forma que lo entiendas %.\",\"breadcrumb\":{\"@id\":\"https:\/\/www.carmencalvo.co.uk\/es\/servicios-juridicos-espanoles\/#breadcrumb\"},\"inLanguage\":\"es\",\"potentialAction\":[{\"@type\":\"ReadAction\",\"target\":[\"https:\/\/www.carmencalvo.co.uk\/es\/servicios-juridicos-espanoles\/\"]}]},{\"@type\":\"BreadcrumbList\",\"@id\":\"https:\/\/www.carmencalvo.co.uk\/es\/servicios-juridicos-espanoles\/#breadcrumb\",\"itemListElement\":[{\"@type\":\"ListItem\",\"position\":1,\"name\":\"Home\",\"item\":\"https:\/\/www.carmencalvo.co.uk\/es\/hogar\/\"},{\"@type\":\"ListItem\",\"position\":2,\"name\":\"Servicios Jur\u00eddicos Espa\u00f1oles\"}]},{\"@type\":\"WebSite\",\"@id\":\"https:\/\/www.carmencalvo.co.uk\/es\/#website\",\"url\":\"https:\/\/www.carmencalvo.co.uk\/es\/\",\"name\":\"Carmen Calvo - Legal Consultant\",\"description\":\"Solicitor and Spanish Qualified Lawyer\",\"potentialAction\":[{\"@type\":\"SearchAction\",\"target\":{\"@type\":\"EntryPoint\",\"urlTemplate\":\"https:\/\/www.carmencalvo.co.uk\/es\/?s={search_term_string}\"},\"query-input\":\"required name=search_term_string\"}],\"inLanguage\":\"es\"}]}<\/script>\n<!-- \/ Yoast SEO plugin. -->","yoast_head_json":{"title":"Servicios Jur\u00eddicos Espa\u00f1oles - Carmen Calvo - Legal Consultant","description":"Con sede en el Reino Unido, puedo ayudarte con tus asuntos de Derecho espa\u00f1ol y explicarte el procedimiento de forma que lo entiendas %.","robots":{"index":"index","follow":"follow","max-snippet":"max-snippet:-1","max-image-preview":"max-image-preview:large","max-video-preview":"max-video-preview:-1"},"canonical":"https:\/\/www.carmencalvo.co.uk\/es\/servicios-juridicos-espanoles\/","og_locale":"es_ES","og_type":"article","og_title":"Servicios Jur\u00eddicos Espa\u00f1oles - Carmen Calvo - Legal Consultant","og_description":"Con sede en el Reino Unido, puedo ayudarte con tus asuntos de Derecho espa\u00f1ol y explicarte el procedimiento de forma que lo entiendas %.","og_url":"https:\/\/www.carmencalvo.co.uk\/es\/servicios-juridicos-espanoles\/","og_site_name":"Carmen Calvo - Legal Consultant","article_modified_time":"2024-11-22T14:55:40+00:00","twitter_card":"summary_large_image","twitter_misc":{"Tiempo de lectura":"10 minutos"},"schema":{"@context":"https:\/\/schema.org","@graph":[{"@type":"WebPage","@id":"https:\/\/www.carmencalvo.co.uk\/es\/servicios-juridicos-espanoles\/","url":"https:\/\/www.carmencalvo.co.uk\/es\/servicios-juridicos-espanoles\/","name":"Servicios Jur\u00eddicos Espa\u00f1oles - Carmen Calvo - Legal Consultant","isPartOf":{"@id":"https:\/\/www.carmencalvo.co.uk\/es\/#website"},"datePublished":"2022-01-19T07:47:49+00:00","dateModified":"2024-11-22T14:55:40+00:00","description":"Con sede en el Reino Unido, puedo ayudarte con tus asuntos de Derecho espa\u00f1ol y explicarte el procedimiento de forma que lo entiendas %.","breadcrumb":{"@id":"https:\/\/www.carmencalvo.co.uk\/es\/servicios-juridicos-espanoles\/#breadcrumb"},"inLanguage":"es","potentialAction":[{"@type":"ReadAction","target":["https:\/\/www.carmencalvo.co.uk\/es\/servicios-juridicos-espanoles\/"]}]},{"@type":"BreadcrumbList","@id":"https:\/\/www.carmencalvo.co.uk\/es\/servicios-juridicos-espanoles\/#breadcrumb","itemListElement":[{"@type":"ListItem","position":1,"name":"Home","item":"https:\/\/www.carmencalvo.co.uk\/es\/hogar\/"},{"@type":"ListItem","position":2,"name":"Servicios Jur\u00eddicos Espa\u00f1oles"}]},{"@type":"WebSite","@id":"https:\/\/www.carmencalvo.co.uk\/es\/#website","url":"https:\/\/www.carmencalvo.co.uk\/es\/","name":"Carmen Calvo - Legal Consultant","description":"Solicitor and Spanish Qualified Lawyer","potentialAction":[{"@type":"SearchAction","target":{"@type":"EntryPoint","urlTemplate":"https:\/\/www.carmencalvo.co.uk\/es\/?s={search_term_string}"},"query-input":"required name=search_term_string"}],"inLanguage":"es"}]}},"_links":{"self":[{"href":"https:\/\/www.carmencalvo.co.uk\/es\/wp-json\/wp\/v2\/pages\/914","targetHints":{"allow":["GET"]}}],"collection":[{"href":"https:\/\/www.carmencalvo.co.uk\/es\/wp-json\/wp\/v2\/pages"}],"about":[{"href":"https:\/\/www.carmencalvo.co.uk\/es\/wp-json\/wp\/v2\/types\/page"}],"author":[{"embeddable":true,"href":"https:\/\/www.carmencalvo.co.uk\/es\/wp-json\/wp\/v2\/users\/3"}],"replies":[{"embeddable":true,"href":"https:\/\/www.carmencalvo.co.uk\/es\/wp-json\/wp\/v2\/comments?post=914"}],"version-history":[{"count":7,"href":"https:\/\/www.carmencalvo.co.uk\/es\/wp-json\/wp\/v2\/pages\/914\/revisions"}],"predecessor-version":[{"id":2329,"href":"https:\/\/www.carmencalvo.co.uk\/es\/wp-json\/wp\/v2\/pages\/914\/revisions\/2329"}],"wp:attachment":[{"href":"https:\/\/www.carmencalvo.co.uk\/es\/wp-json\/wp\/v2\/media?parent=914"}],"curies":[{"name":"wp","href":"https:\/\/api.w.org\/{rel}","templated":true}]}}